{"id":17,"date":"2024-01-29T17:12:36","date_gmt":"2024-01-29T16:12:36","guid":{"rendered":"https:\/\/www.mietenkaufenwohnen.eu\/?page_id=17"},"modified":"2026-01-25T12:46:58","modified_gmt":"2026-01-25T11:46:58","slug":"imprint","status":"publish","type":"page","link":"https:\/\/www.mietenkaufenwohnen.ch\/en\/impressum\/","title":{"rendered":"Imprint"},"content":{"rendered":"<div class=\"wpb-content-wrapper\"><div class=\"vc_row wpb_row vc_row-fluid\"><div class=\"wpb_column vc_column_container vc_col-sm-12\"><div class=\"vc_column-inner\"><div class=\"wpb_wrapper\">\n\t<div class=\"wpb_text_column wpb_content_element\" >\n\t\t<div class=\"wpb_wrapper\">\n\t\t\t<p>Information according to \u00a7 5 TMG<\/p>\n<p><strong>Rentingbuyingliving<\/strong><\/p>\n<p>Linda Saenger<br \/>\nHouse mat 2<br \/>\n3032 Wohlen near Bern Switzerland<\/p>\n<p><strong>Contact us<\/strong><br \/>\nPhone: +41 (0)<br \/>\nE-mail: info@mietenkaufenwohnen.ch<\/p>\n<h4>EU dispute resolution<\/h4>\n<p>The European Commission provides a platform for online dispute resolution (OS): https:\/\/ec.europa.eu\/consumers\/odr\/.<br \/>\nYou can find our e-mail address in the legal notice above.<\/p>\n<h4>Consumer dispute resolution\/universal arbitration board<\/h4>\n<p>We participate in a dispute resolution procedure before a consumer arbitration board. The universal arbitration board of the Zentrum f\u00fcr Schlichtung e.V., Stra\u00dfburger Stra\u00dfe 8, 77694 Kehl am Rhein (https:\/\/www.verbraucher-schlichter.de) is responsible for this.\u200d<\/p>\n\n\t\t<\/div>\n\t<\/div>\n<\/div><\/div><\/div><\/div>\n<\/div>","protected":false},"excerpt":{"rendered":"Information according to \u00a7 5 TMG Mietenkaufenwohnen Linda Saenger Hausmatte 2 3032 Wohlen bei Bern Switzerland Contact Phone: +41 (0) E-Mail: info@mietenkaufenwohnen.ch EU Dispute Resolution The European Commission provides a platform for online dispute resolution (OS): https:\/\/ec.europa.eu\/consumers\/odr\/. You can find our e-mail address in the legal notice above. Consumer dispute resolution\/Universal arbitration board We participate in a dispute resolution procedure before a consumer arbitration board. The universal arbitration board of the ...","protected":false},"author":1,"featured_media":0,"parent":0,"menu_order":0,"comment_status":"closed","ping_status":"closed","template":"","meta":{"_acf_changed":false,"footnotes":""},"class_list":["post-17","page","type-page","status-publish","hentry"],"acf":[],"aioseo_notices":[],"_links":{"self":[{"href":"https:\/\/www.mietenkaufenwohnen.ch\/en\/wp-json\/wp\/v2\/pages\/17","targetHints":{"allow":["GET"]}}],"collection":[{"href":"https:\/\/www.mietenkaufenwohnen.ch\/en\/wp-json\/wp\/v2\/pages"}],"about":[{"href":"https:\/\/www.mietenkaufenwohnen.ch\/en\/wp-json\/wp\/v2\/types\/page"}],"author":[{"embeddable":true,"href":"https:\/\/www.mietenkaufenwohnen.ch\/en\/wp-json\/wp\/v2\/users\/1"}],"replies":[{"embeddable":true,"href":"https:\/\/www.mietenkaufenwohnen.ch\/en\/wp-json\/wp\/v2\/comments?post=17"}],"version-history":[{"count":12,"href":"https:\/\/www.mietenkaufenwohnen.ch\/en\/wp-json\/wp\/v2\/pages\/17\/revisions"}],"predecessor-version":[{"id":1118,"href":"https:\/\/www.mietenkaufenwohnen.ch\/en\/wp-json\/wp\/v2\/pages\/17\/revisions\/1118"}],"wp:attachment":[{"href":"https:\/\/www.mietenkaufenwohnen.ch\/en\/wp-json\/wp\/v2\/media?parent=17"}],"curies":[{"name":"wp","href":"https:\/\/api.w.org\/{rel}","templated":true}]}}